{"id":811,"date":"2015-03-07T18:29:50","date_gmt":"2015-03-07T17:29:50","guid":{"rendered":"http:\/\/charlesepellissier.com\/?page_id=811"},"modified":"2017-11-29T18:38:48","modified_gmt":"2017-11-29T17:38:48","slug":"fleurs-de-papier-poesies-valdotaines-2","status":"publish","type":"page","link":"https:\/\/charlesepellissier.com\/en\/fleurs-de-papier-poesies-valdotaines-2\/","title":{"rendered":"Fleurs de Papier &#8211; Po\u00e9sies Vald\u00f4taines"},"content":{"rendered":"<p><img loading=\"lazy\" decoding=\"async\" class=\"alignnone wp-image-956\" src=\"http:\/\/charlesepellissier.com\/wp-content\/uploads\/2015\/03\/logo-senza-bordi-220x85.png\" alt=\"\" width=\"298\" height=\"116\" srcset=\"https:\/\/charlesepellissier.com\/wp-content\/uploads\/2015\/03\/logo-senza-bordi-220x85.png 220w, https:\/\/charlesepellissier.com\/wp-content\/uploads\/2015\/03\/logo-senza-bordi-250x97.png 250w, https:\/\/charlesepellissier.com\/wp-content\/uploads\/2015\/03\/logo-senza-bordi-150x58.png 150w, https:\/\/charlesepellissier.com\/wp-content\/uploads\/2015\/03\/logo-senza-bordi.png 531w\" sizes=\"auto, (max-width: 298px) 100vw, 298px\" \/><a href=\"http:\/\/charlesepellissier.com\/wp-content\/uploads\/2015\/03\/COVER_hq.jpg\" data-gallery><img loading=\"lazy\" decoding=\"async\" class=\"aligncenter wp-image-833\" src=\"http:\/\/charlesepellissier.com\/wp-content\/uploads\/2015\/03\/COVER_hq-220x287.jpg\" alt=\"\" width=\"230\" height=\"300\" srcset=\"https:\/\/charlesepellissier.com\/wp-content\/uploads\/2015\/03\/COVER_hq-220x287.jpg 220w, https:\/\/charlesepellissier.com\/wp-content\/uploads\/2015\/03\/COVER_hq-730x952.jpg 730w, https:\/\/charlesepellissier.com\/wp-content\/uploads\/2015\/03\/COVER_hq-115x150.jpg 115w, https:\/\/charlesepellissier.com\/wp-content\/uploads\/2015\/03\/COVER_hq.jpg 1317w\" sizes=\"auto, (max-width: 230px) 100vw, 230px\" \/><\/a><\/p>\n<p style=\"text-align: justify;\">What binds a mother to her son? Blood? Definitely. Family? As well. But what binds Eva and Charles Pellissier is a feeling of a perpetual quest for answers, love and memories: Poetry. Through their poems, Eva and Charles express their innermost emotions, they talk about their homeland and offer themselves, simply.<\/p>\n<p class=\"text-citation\" style=\"text-align: center;\"><em>Poems are flowers, flower made of paper, some have bright colours, others have scents; others have thorns\u2026 This is Fleurs de Papier, a collection of emotions, images, reflections that we all encounter in the course of our existence.\u201d<\/em><\/p>\n<table>\n<tbody>\n<tr>\n<td><span class=\"content-subtitle\">Download the eBook from:<\/span><br \/>\n<a class=\"ebookLink\" href=\"http:\/\/www.amazon.com\/Fleurs-Papier-Po%C3%A9sies-Vald%C3%B4taines-French-ebook\/dp\/B00UZ97XZQ\/\" target=\"_blank\" rel=\"noopener noreferrer\"><img loading=\"lazy\" decoding=\"async\" class=\"aligncenter wp-image-166 size-full\" src=\"http:\/\/charlesepellissier.com\/wp-content\/uploads\/2014\/03\/kindle.png\" alt=\"kindle\" width=\"190\" height=\"40\" srcset=\"https:\/\/charlesepellissier.com\/wp-content\/uploads\/2014\/03\/kindle.png 190w, https:\/\/charlesepellissier.com\/wp-content\/uploads\/2014\/03\/kindle-150x31.png 150w\" sizes=\"auto, (max-width: 190px) 100vw, 190px\" \/><\/a><\/td>\n<\/tr>\n<tr>\n<td><span class=\"content-subtitle\">Order the paperback from:<\/span><br \/>\n<a class=\"ebookLink\" href=\"http:\/\/www.amazon.it\/gp\/product\/8894027112\/ref=as_li_ss_tl?ie=UTF8&amp;camp=3370&amp;creative=24114&amp;creativeASIN=8894027112&amp;linkCode=as2&amp;tag=frateaiforne-21\" target=\"_blank\" rel=\"noopener noreferrer\"><img loading=\"lazy\" decoding=\"async\" class=\"aligncenter wp-image-349\" src=\"http:\/\/charlesepellissier.com\/wp-content\/uploads\/2014\/03\/amazon-220x94.png\" alt=\"amazon\" width=\"93\" height=\"40\" srcset=\"https:\/\/charlesepellissier.com\/wp-content\/uploads\/2014\/03\/amazon-220x94.png 220w, https:\/\/charlesepellissier.com\/wp-content\/uploads\/2014\/03\/amazon-250x107.png 250w, https:\/\/charlesepellissier.com\/wp-content\/uploads\/2014\/03\/amazon-150x64.png 150w, https:\/\/charlesepellissier.com\/wp-content\/uploads\/2014\/03\/amazon.png 636w\" sizes=\"auto, (max-width: 93px) 100vw, 93px\" \/><\/a><a class=\"ebookLink\" href=\"https:\/\/www.ibs.it\/fleurs-de-papier-poesies-valdotaines-libro-eva-pellissier-charles-e-pellissier\/e\/9788894027112\" target=\"_blank\" rel=\"noopener noreferrer\"><img loading=\"lazy\" decoding=\"async\" class=\"aligncenter wp-image-362\" src=\"http:\/\/charlesepellissier.com\/wp-content\/uploads\/2014\/03\/ibs_logo-220x111.png\" alt=\"ibs_logo\" width=\"79\" height=\"40\" srcset=\"https:\/\/charlesepellissier.com\/wp-content\/uploads\/2014\/03\/ibs_logo-220x111.png 220w, https:\/\/charlesepellissier.com\/wp-content\/uploads\/2014\/03\/ibs_logo-250x126.png 250w, https:\/\/charlesepellissier.com\/wp-content\/uploads\/2014\/03\/ibs_logo-150x76.png 150w, https:\/\/charlesepellissier.com\/wp-content\/uploads\/2014\/03\/ibs_logo.png 339w\" sizes=\"auto, (max-width: 79px) 100vw, 79px\" \/><\/a><\/td>\n<\/tr>\n<\/tbody>\n<\/table>\n","protected":false},"excerpt":{"rendered":"<p>What binds a mother to her son? Blood? Definitely. Family? As well. But what binds Eva and Charles Pellissier is a feeling of a perpetual quest for answers, love and memories: Poetry. Through their poems, Eva and Charles express their innermost emotions, they talk about their homeland and offer themselves,\u2026<\/p>\n<p class=\"continue-reading-button\"> <a class=\"continue-reading-link\" href=\"https:\/\/charlesepellissier.com\/en\/fleurs-de-papier-poesies-valdotaines-2\/\">Continue reading<i class=\"crycon-right-dir\"><\/i><\/a><\/p>\n","protected":false},"author":1,"featured_media":0,"parent":0,"menu_order":0,"comment_status":"open","ping_status":"open","template":"","meta":{"_exactmetrics_skip_tracking":false,"_exactmetrics_sitenote_active":false,"_exactmetrics_sitenote_note":"","_exactmetrics_sitenote_category":0,"footnotes":""},"class_list":["post-811","page","type-page","status-publish","hentry"],"yoast_head":"<!-- This site is optimized with the Yoast SEO plugin v26.7 - https:\/\/yoast.com\/wordpress\/plugins\/seo\/ -->\n<title>Fleurs de Papier - Po\u00e9sies Vald\u00f4taines - Charles E. Pellissier<\/title>\n<meta name=\"description\" content=\"&quot;Fleurs de Papier - Po\u00e9sies Vald\u00f4taines&quot; is a collection of poems in Franco-proven\u00e7al, French and Italian written by Eva Pellissier e Charles E. Pellissier\" \/>\n<meta name=\"robots\" content=\"index, follow, max-snippet:-1, max-image-preview:large, max-video-preview:-1\" \/>\n<link rel=\"canonical\" href=\"https:\/\/charlesepellissier.com\/en\/fleurs-de-papier-poesies-valdotaines-2\/\" \/>\n<meta property=\"og:locale\" content=\"en_US\" \/>\n<meta property=\"og:type\" content=\"article\" \/>\n<meta property=\"og:title\" content=\"Fleurs de Papier - Po\u00e9sies Vald\u00f4taines - Charles E. Pellissier\" \/>\n<meta property=\"og:description\" content=\"&quot;Fleurs de Papier - Po\u00e9sies Vald\u00f4taines&quot; is a collection of poems in Franco-proven\u00e7al, French and Italian written by Eva Pellissier e Charles E. Pellissier\" \/>\n<meta property=\"og:url\" content=\"https:\/\/charlesepellissier.com\/en\/fleurs-de-papier-poesies-valdotaines-2\/\" \/>\n<meta property=\"og:site_name\" content=\"Charles E. Pellissier\" \/>\n<meta property=\"article:modified_time\" content=\"2017-11-29T17:38:48+00:00\" \/>\n<meta property=\"og:image\" content=\"https:\/\/charlesepellissier.com\/wp-content\/uploads\/2015\/03\/logo-senza-bordi.png\" \/>\n\t<meta property=\"og:image:width\" content=\"531\" \/>\n\t<meta property=\"og:image:height\" content=\"206\" \/>\n\t<meta property=\"og:image:type\" content=\"image\/png\" \/>\n<script type=\"application\/ld+json\" class=\"yoast-schema-graph\">{\"@context\":\"https:\/\/schema.org\",\"@graph\":[{\"@type\":\"WebPage\",\"@id\":\"https:\/\/charlesepellissier.com\/en\/fleurs-de-papier-poesies-valdotaines-2\/\",\"url\":\"https:\/\/charlesepellissier.com\/en\/fleurs-de-papier-poesies-valdotaines-2\/\",\"name\":\"Fleurs de Papier - Po\u00e9sies Vald\u00f4taines - Charles E. Pellissier\",\"isPartOf\":{\"@id\":\"https:\/\/charlesepellissier.com\/#website\"},\"primaryImageOfPage\":{\"@id\":\"https:\/\/charlesepellissier.com\/en\/fleurs-de-papier-poesies-valdotaines-2\/#primaryimage\"},\"image\":{\"@id\":\"https:\/\/charlesepellissier.com\/en\/fleurs-de-papier-poesies-valdotaines-2\/#primaryimage\"},\"thumbnailUrl\":\"http:\/\/charlesepellissier.com\/wp-content\/uploads\/2015\/03\/logo-senza-bordi-220x85.png\",\"datePublished\":\"2015-03-07T17:29:50+00:00\",\"dateModified\":\"2017-11-29T17:38:48+00:00\",\"description\":\"\\\"Fleurs de Papier - Po\u00e9sies Vald\u00f4taines\\\" is a collection of poems in Franco-proven\u00e7al, French and Italian written by Eva Pellissier e Charles E. Pellissier\",\"breadcrumb\":{\"@id\":\"https:\/\/charlesepellissier.com\/en\/fleurs-de-papier-poesies-valdotaines-2\/#breadcrumb\"},\"inLanguage\":\"en-US\",\"potentialAction\":[{\"@type\":\"ReadAction\",\"target\":[\"https:\/\/charlesepellissier.com\/en\/fleurs-de-papier-poesies-valdotaines-2\/\"]}]},{\"@type\":\"ImageObject\",\"inLanguage\":\"en-US\",\"@id\":\"https:\/\/charlesepellissier.com\/en\/fleurs-de-papier-poesies-valdotaines-2\/#primaryimage\",\"url\":\"http:\/\/charlesepellissier.com\/wp-content\/uploads\/2015\/03\/logo-senza-bordi-220x85.png\",\"contentUrl\":\"http:\/\/charlesepellissier.com\/wp-content\/uploads\/2015\/03\/logo-senza-bordi-220x85.png\"},{\"@type\":\"BreadcrumbList\",\"@id\":\"https:\/\/charlesepellissier.com\/en\/fleurs-de-papier-poesies-valdotaines-2\/#breadcrumb\",\"itemListElement\":[{\"@type\":\"ListItem\",\"position\":1,\"name\":\"Home\",\"item\":\"https:\/\/charlesepellissier.com\/en\/\"},{\"@type\":\"ListItem\",\"position\":2,\"name\":\"Fleurs de Papier &#8211; Po\u00e9sies Vald\u00f4taines\"}]},{\"@type\":\"WebSite\",\"@id\":\"https:\/\/charlesepellissier.com\/#website\",\"url\":\"https:\/\/charlesepellissier.com\/\",\"name\":\"Charles E. Pellissier\",\"description\":\"\",\"potentialAction\":[{\"@type\":\"SearchAction\",\"target\":{\"@type\":\"EntryPoint\",\"urlTemplate\":\"https:\/\/charlesepellissier.com\/?s={search_term_string}\"},\"query-input\":{\"@type\":\"PropertyValueSpecification\",\"valueRequired\":true,\"valueName\":\"search_term_string\"}}],\"inLanguage\":\"en-US\"}]}<\/script>\n<!-- \/ Yoast SEO plugin. -->","yoast_head_json":{"title":"Fleurs de Papier - Po\u00e9sies Vald\u00f4taines - Charles E. Pellissier","description":"\"Fleurs de Papier - Po\u00e9sies Vald\u00f4taines\" is a collection of poems in Franco-proven\u00e7al, French and Italian written by Eva Pellissier e Charles E. Pellissier","robots":{"index":"index","follow":"follow","max-snippet":"max-snippet:-1","max-image-preview":"max-image-preview:large","max-video-preview":"max-video-preview:-1"},"canonical":"https:\/\/charlesepellissier.com\/en\/fleurs-de-papier-poesies-valdotaines-2\/","og_locale":"en_US","og_type":"article","og_title":"Fleurs de Papier - Po\u00e9sies Vald\u00f4taines - Charles E. Pellissier","og_description":"\"Fleurs de Papier - Po\u00e9sies Vald\u00f4taines\" is a collection of poems in Franco-proven\u00e7al, French and Italian written by Eva Pellissier e Charles E. Pellissier","og_url":"https:\/\/charlesepellissier.com\/en\/fleurs-de-papier-poesies-valdotaines-2\/","og_site_name":"Charles E. Pellissier","article_modified_time":"2017-11-29T17:38:48+00:00","og_image":[{"width":531,"height":206,"url":"https:\/\/charlesepellissier.com\/wp-content\/uploads\/2015\/03\/logo-senza-bordi.png","type":"image\/png"}],"schema":{"@context":"https:\/\/schema.org","@graph":[{"@type":"WebPage","@id":"https:\/\/charlesepellissier.com\/en\/fleurs-de-papier-poesies-valdotaines-2\/","url":"https:\/\/charlesepellissier.com\/en\/fleurs-de-papier-poesies-valdotaines-2\/","name":"Fleurs de Papier - Po\u00e9sies Vald\u00f4taines - Charles E. Pellissier","isPartOf":{"@id":"https:\/\/charlesepellissier.com\/#website"},"primaryImageOfPage":{"@id":"https:\/\/charlesepellissier.com\/en\/fleurs-de-papier-poesies-valdotaines-2\/#primaryimage"},"image":{"@id":"https:\/\/charlesepellissier.com\/en\/fleurs-de-papier-poesies-valdotaines-2\/#primaryimage"},"thumbnailUrl":"http:\/\/charlesepellissier.com\/wp-content\/uploads\/2015\/03\/logo-senza-bordi-220x85.png","datePublished":"2015-03-07T17:29:50+00:00","dateModified":"2017-11-29T17:38:48+00:00","description":"\"Fleurs de Papier - Po\u00e9sies Vald\u00f4taines\" is a collection of poems in Franco-proven\u00e7al, French and Italian written by Eva Pellissier e Charles E. Pellissier","breadcrumb":{"@id":"https:\/\/charlesepellissier.com\/en\/fleurs-de-papier-poesies-valdotaines-2\/#breadcrumb"},"inLanguage":"en-US","potentialAction":[{"@type":"ReadAction","target":["https:\/\/charlesepellissier.com\/en\/fleurs-de-papier-poesies-valdotaines-2\/"]}]},{"@type":"ImageObject","inLanguage":"en-US","@id":"https:\/\/charlesepellissier.com\/en\/fleurs-de-papier-poesies-valdotaines-2\/#primaryimage","url":"http:\/\/charlesepellissier.com\/wp-content\/uploads\/2015\/03\/logo-senza-bordi-220x85.png","contentUrl":"http:\/\/charlesepellissier.com\/wp-content\/uploads\/2015\/03\/logo-senza-bordi-220x85.png"},{"@type":"BreadcrumbList","@id":"https:\/\/charlesepellissier.com\/en\/fleurs-de-papier-poesies-valdotaines-2\/#breadcrumb","itemListElement":[{"@type":"ListItem","position":1,"name":"Home","item":"https:\/\/charlesepellissier.com\/en\/"},{"@type":"ListItem","position":2,"name":"Fleurs de Papier &#8211; Po\u00e9sies Vald\u00f4taines"}]},{"@type":"WebSite","@id":"https:\/\/charlesepellissier.com\/#website","url":"https:\/\/charlesepellissier.com\/","name":"Charles E. Pellissier","description":"","potentialAction":[{"@type":"SearchAction","target":{"@type":"EntryPoint","urlTemplate":"https:\/\/charlesepellissier.com\/?s={search_term_string}"},"query-input":{"@type":"PropertyValueSpecification","valueRequired":true,"valueName":"search_term_string"}}],"inLanguage":"en-US"}]}},"_links":{"self":[{"href":"https:\/\/charlesepellissier.com\/en\/wp-json\/wp\/v2\/pages\/811","targetHints":{"allow":["GET"]}}],"collection":[{"href":"https:\/\/charlesepellissier.com\/en\/wp-json\/wp\/v2\/pages"}],"about":[{"href":"https:\/\/charlesepellissier.com\/en\/wp-json\/wp\/v2\/types\/page"}],"author":[{"embeddable":true,"href":"https:\/\/charlesepellissier.com\/en\/wp-json\/wp\/v2\/users\/1"}],"replies":[{"embeddable":true,"href":"https:\/\/charlesepellissier.com\/en\/wp-json\/wp\/v2\/comments?post=811"}],"version-history":[{"count":25,"href":"https:\/\/charlesepellissier.com\/en\/wp-json\/wp\/v2\/pages\/811\/revisions"}],"predecessor-version":[{"id":1313,"href":"https:\/\/charlesepellissier.com\/en\/wp-json\/wp\/v2\/pages\/811\/revisions\/1313"}],"wp:attachment":[{"href":"https:\/\/charlesepellissier.com\/en\/wp-json\/wp\/v2\/media?parent=811"}],"curies":[{"name":"wp","href":"https:\/\/api.w.org\/{rel}","templated":true}]}}